{"id":2,"date":"2023-09-12T23:17:07","date_gmt":"2023-09-12T20:17:07","guid":{"rendered":"https:\/\/zemzem.site\/?page_id=2"},"modified":"2025-04-17T02:10:35","modified_gmt":"2025-04-16T23:10:35","slug":"%d9%85%d8%ab%d8%a7%d9%84-%d8%b9%d9%84%d9%89-%d8%b5%d9%81%d8%ad%d8%a9","status":"publish","type":"page","link":"https:\/\/zemzem.site\/","title":{"rendered":"\u0634\u0631\u0643\u0629 \u0632\u0645\u0632\u0645"},"content":{"rendered":"[mhc_section admin_label=&#8221;\u0642\u0633\u0645&#8221; fullwidth=&#8221;on&#8221; specialty=&#8221;off&#8221; transparent_background=&#8221;off&#8221; gradient_background=&#8221;off&#8221; background_color=&#8221;#ffffff&#8221; gradient_style=&#8221;horizontal&#8221; inner_shadow=&#8221;off&#8221; parallax=&#8221;off&#8221; parallax_method=&#8221;off&#8221; video_hide=&#8221;off&#8221; video_pause=&#8221;off&#8221; allow_advanced_padding=&#8221;off&#8221; remove_padding=&#8221;off&#8221; force_fullwidth=&#8221;off&#8221; column_paddings=&#8221;padding-0pct&#8221; column_match_heights=&#8221;off&#8221; background_leak=&#8221;off&#8221; background_leak_color=&#8221;#ffffff&#8221; background_leak_size=&#8221;50&#8243; separator_top=&#8221;off&#8221; separator_bottom=&#8221;off&#8221; background_image_size=&#8221;cover&#8221; background_image_repeat=&#8221;no-repeat&#8221; background_image_position_x=&#8221;center&#8221; background_image_position_y=&#8221;center&#8221; animation=&#8221;off&#8221; animation_color=&#8221;#ffffff&#8221; mobile_2_pr_row=&#8221;off&#8221; mobile_reverse=&#8221;off&#8221; module_id=&#8221;main&#8221;][mhc_fullwidth_texton admin_label=&#8221;\u0645\u0644\u0635\u0642 \u0628\u0639\u0631\u0636 \u0643\u0627\u0645\u0644&#8221; src=&#8221;https:\/\/zemzem.site\/wp-content\/uploads\/2023\/09\/\u06332.png&#8221; text_placement=&#8221;middle&#8221; text_size=&#8221;xl&#8221; text_color=&#8221;#ffffff&#8221; url_new_window=&#8221;off&#8221; background_color=&#8221;#000000&#8243; text_shadow=&#8221;on&#8221; use_button=&#8221;off&#8221; button_style=&#8221;off&#8221; button_color=&#8221;#4FD4FF&#8221; button_text_color=&#8221;#ffffff&#8221; wide_button=&#8221;off&#8221; sticky=&#8221;off&#8221; animation=&#8221;blur_fwd&#8221; hoverfx=&#8221;reverse&#8221; heading=&#8221;\u0634\u0631\u0643\u0629 \u0632\u0645\u0632\u0645&#8221; sub_heading=&#8221;\u062a\u0623\u0633\u0633\u062a \u0634\u0631\u0643\u0629 \u0632\u0645\u0632\u0645 \u0628\u0645\u0648\u062c\u0628 \u0627\u0644\u0639\u0642\u062f \u0631\u0642\u0645 14706 \u062a\u0627\u0631\u064a\u062e 04 \/ 05 \/ 2018&#8243;] [\/mhc_fullwidth_texton][\/mhc_section][mhc_section admin_label=&#8221;\u0642\u0633\u0645&#8221; fullwidth=&#8221;off&#8221; specialty=&#8221;off&#8221; transparent_background=&#8221;off&#8221; gradient_background=&#8221;off&#8221; background_color=&#8221;#ffffff&#8221; gradient_style=&#8221;horizontal&#8221; inner_shadow=&#8221;off&#8221; parallax=&#8221;off&#8221; parallax_method=&#8221;off&#8221; video_hide=&#8221;off&#8221; video_pause=&#8221;off&#8221; allow_advanced_padding=&#8221;off&#8221; remove_padding=&#8221;off&#8221; force_fullwidth=&#8221;off&#8221; column_paddings=&#8221;padding-0pct&#8221; column_match_heights=&#8221;off&#8221; background_leak=&#8221;off&#8221; background_leak_color=&#8221;#ffffff&#8221; background_leak_size=&#8221;50&#8243; separator_top=&#8221;off&#8221; separator_bottom=&#8221;off&#8221; background_image_size=&#8221;cover&#8221; background_image_repeat=&#8221;no-repeat&#8221; background_image_position_x=&#8221;center&#8221; background_image_position_y=&#8221;center&#8221; animation=&#8221;off&#8221; animation_color=&#8221;#ffffff&#8221; mobile_2_pr_row=&#8221;off&#8221; mobile_reverse=&#8221;off&#8221; module_id=&#8221;about&#8221;][mhc_row admin_label=&#8221;\u0635\u0641&#8221;][mhc_column type=&#8221;1_3&#8243;][mhc_text admin_label=&#8221;\u0646\u0635&#8221; background_layout=&#8221;light&#8221; text_orientation=&#8221;justified&#8221; animation=&#8221;off&#8221;]\n<p style=\"text-align: center;\"><strong>\u0644\u0645\u062d\u0629 \u0639\u0646 \u0634\u0631\u0643\u062a\u0646\u0627<\/strong><\/p>\n<p>\u062a\u0623\u0633\u0633\u062a \u0634\u0631\u0643\u0629 \u0632\u0645\u0632\u0645 \u0628\u0645\u0648\u062c\u0628 \u0627\u0644\u0639\u0642\u062f \u0631\u0642\u0645 07341 \u0644\u0639\u0627\u0645 2013\u00a0\u0648 \u0627\u0644\u0633\u062c\u0644 \u0627\u0644\u062a\u062c\u0627\u0631\u064a \u0631\u0642\u0645 18696 \u062a\u0627\u0631\u064a\u062e 22 \/ 11 \/ 2013 \u0627\u0644\u0635\u0627\u062f\u0631\u0639\u0646 \u063a\u0631\u0641\u0629 \u0627\u0644\u062a\u062c\u0627\u0631\u0629 \u0648\u0627\u0644\u0635\u0646\u0627\u0639\u0629 \u0628\u0645\u062f\u064a\u0646\u0629 \u0623\u0646\u0637\u0627\u0643\u064a\u0629<\/p>\n<p>\u0634\u0631\u0643\u0629 \u0632\u0645\u0632\u0645 \u0647\u064a \u0627\u0644\u0637\u0641\u0644 \u0627\u0644\u0648\u0644\u064a\u062f \u0644\u0634\u0631\u0643\u0629 \u0639\u0631\u064a\u0642\u0629 \u0643\u0627\u0646\u062a \u0628\u062f\u0627\u064a\u062a\u0647\u0627 \u0641\u064a \u0633\u062a\u064a\u0646\u064a\u0627\u062a \u0627\u0644\u0642\u0631\u0646 \u0627\u0644\u0645\u0627\u0636\u064a. \u0628\u062f\u0623 \u0627\u0644\u0623\u062e\u064e\u0648\u0627\u0646 \u0632\u063a\u0644 \u0628\u062a\u0623\u0633\u064a\u0633 \u0634\u0631\u0643\u062a\u0647\u0645 \u0627\u0644\u062a\u062c\u0627\u0631\u064a\u0629 \u0628\u0627\u0633\u0645 \u0634\u0631\u0643\u0629 \u0632\u063a\u0644 \u0644\u0644\u0645\u0643\u0633\u0631\u0627\u062a ( \u062c\u0648\u0632 \u2013 \u0642\u0644\u0628 \u062c\u0648\u0632 \u2013 \u0641\u0633\u062a\u0642 \u2013 \u0642\u0644\u0628 \u0641\u0633\u062a\u0642 \u2013 \u0644\u0648\u0632 \u2013 \u0642\u0644\u0628 \u0644\u0648\u0632 \u2013 \u0643\u0627\u062c\u0648).<\/p>\n<p>Odaba\u015f\u0131 Mah. Atat\u00fcrk 10 Bul. Ahmet G\u00fcrses Blok No: 63 \u0130\u00e7 Kap\u0131 No: 9<br \/>\nAntakya\u00a0\/\u00a0Hatay<\/p>\n[\/mhc_text][mhc_image admin_label=&#8221;\u0635\u0648\u0631\u0629&#8221; src=&#8221;https:\/\/zemzem.site\/wp-content\/uploads\/2023\/09\/sweet-and-spicy-party-nuts-recipe-3-1098&#215;1650-1.jpg&#8221; show_in_lightbox=&#8221;off&#8221; url_new_window=&#8221;off&#8221; animation=&#8221;bouncein&#8221; hoverfx=&#8221;shine&#8221; sticky=&#8221;off&#8221; image_mask=&#8221;off&#8221; border_radius=&#8221;0&#8243; align=&#8221;right&#8221; force_center_on_mobile=&#8221;on&#8221;]\n<p>&nbsp;<\/p>\n[\/mhc_image][\/mhc_column][mhc_column type=&#8221;1_3&#8243;][mhc_image admin_label=&#8221;\u0635\u0648\u0631\u0629&#8221; src=&#8221;https:\/\/zemzem.site\/wp-content\/uploads\/2023\/09\/Untitled-3.png&#8221; show_in_lightbox=&#8221;off&#8221; url_new_window=&#8221;off&#8221; animation=&#8221;bouncein&#8221; hoverfx=&#8221;shine&#8221; sticky=&#8221;off&#8221; image_mask=&#8221;off&#8221; border_radius=&#8221;0&#8243; align=&#8221;center&#8221; force_center_on_mobile=&#8221;on&#8221;]\n<p>&nbsp;<\/p>\n[\/mhc_image][mhc_text admin_label=&#8221;\u0646\u0635&#8221; background_layout=&#8221;light&#8221; text_orientation=&#8221;justified&#8221; animation=&#8221;off&#8221;]\n<p style=\"text-align: right;\">\u0648\u0627\u062c\u062a\u0647\u062f \u0627\u0644\u0623\u062e\u064e\u0648\u0627\u0646 \u0639\u0644\u0649 \u062a\u0623\u0633\u064a\u0633 \u0642\u0627\u0639\u062f\u0629 \u0645\u062a\u064a\u0646\u0629 \u0648\u0631\u0627\u0633\u062e\u0629 \u0644\u0647\u0630\u0647 \u0627\u0644\u0634\u0631\u0643\u0629\u060c\u0645\u0646 \u062e\u0644\u0627\u0644 \u0628\u0646\u0627\u0621 \u0634\u0628\u0643\u0629 \u0642\u0648\u064a\u0629 \u0645\u0646 \u0627\u0644\u0639\u0645\u0644\u0627\u0621 \u0648\u0627\u0644\u0645\u0648\u0631\u062f\u064a\u0646 \u0627\u0644\u0627\u0643\u0641\u0627\u0621\u060c\u062d\u064a\u062b \u0643\u0627\u0646 \u0634\u0639\u0627\u0631 \u0627\u0644\u0634\u0631\u0643\u0629 \u0647\u0648 \u0627\u0644\u0635\u062f\u0642 \u0641\u064a \u0627\u0644\u062a\u0639\u0627\u0645\u0644 \u0648\u0627\u0644\u0627\u0644\u062a\u0632\u0627\u0645 \u0641\u064a \u0645\u0648\u0627\u0639\u064a\u062f \u062a\u0633\u0644\u064a\u0645 \u0627\u0644\u0628\u0636\u0627\u0626\u0639\u060c\u0648\u0627\u0646\u0637\u0644\u0627\u0642\u0627 \u0645\u0646 \u0647\u0630\u0627 \u0627\u0644\u0634\u0639\u0627\u0631 \u062a\u0627\u0628\u0639 \u0627\u0644\u0627\u0628\u0646\u0627\u0621 \u0645\u0633\u064a\u0631\u0629 \u0627\u0628\u0627\u0626\u0647\u0645\u060c\u062d\u064a\u062b \u0628\u062f\u0623\u062a \u0645\u0631\u062d\u0644\u0629 \u062c\u062f\u064a\u062f\u0629 \u0645\u0646 \u0627\u0644\u062a\u0637\u0648\u064a\u0631 .<br \/>\n\u0627\u0644\u0645\u0631\u062d\u0644\u0629 \u0627\u0644\u062c\u062f\u064a\u062f\u0629 \u0647\u064a \u0632\u063a\u0644 \u0627\u0648\u0644\u0627\u062f \u0639\u0645 \u0627\u0644\u0630\u064a\u0646 \u0627\u0633\u0633\u0648\u0627 \u0634\u0631\u0643\u0629 \u0632\u0645\u0632\u0645 \u0627\u0644\u062a\u062c\u0627\u0631\u064a\u0629 \u0648\u0627\u0644\u0635\u0646\u0627\u0639\u064a\u0629 \u060c\u062d\u064a\u062b \u062a\u0639\u062f\u062a \u0647\u0630\u0647 \u0627\u0644\u0634\u0631\u0643\u0629 \u0627\u0644\u062a\u062c\u0627\u0631\u0629 \u0627\u0644\u062f\u0627\u062e\u0644\u064a\u0629 \u0644\u062a\u0635\u0628\u062d \u0634\u0631\u0643\u0629 \u0631\u0627\u0626\u062f\u0629 \u0639\u0627\u0628\u0631\u0629 \u0644\u0644\u062d\u062f\u0648\u062f\u060c \u0648\u0645\u0646 \u0627\u0644\u0634\u0631\u0643\u0627\u062a \u0627\u0644\u0643\u0628\u064a\u0631\u0629 \u0627\u0642\u0644\u064a\u0645\u064a\u0627.<br \/>\n\u0648 \u0628\u062a\u0648\u0641\u064a\u0642 \u0645\u0646 \u0627\u0644\u0644\u0647 \u062a\u0639\u0627\u0644\u0649 \u060c\u0648\u062c\u0647\u062f \u0627\u0644\u0627\u0628\u0627\u0621\u060c\u0648\u0627\u0644\u062a\u0632\u0627\u0645 \u0627\u0644\u0627\u0628\u0646\u0627\u0621 \u0646\u062c\u062d\u062a \u0647\u0630\u0647 \u0627\u0644\u0634\u0631\u0643\u0629 \u0628\u062a\u062d\u0642\u064a\u0642 \u062c\u0632\u0621 \u0645\u0646 \u0627\u0647\u062f\u0627\u0641\u0647\u0627 \u0648\u0637\u0645\u0648\u062d\u0627\u062a\u0647\u0627\u060c \u0648\u0644\u0644\u062d\u0643\u0627\u064a\u0629 \u0628\u0642\u064a\u0629.<\/p>\n[\/mhc_text][\/mhc_column][mhc_column type=&#8221;1_3&#8243;][mhc_divider admin_label=&#8221;\u0641\u0627\u0635\u0644&#8221; show_divider=&#8221;off&#8221; color=&#8221;#4FD4FF&#8221; borderw=&#8221;1&#8243; custom_orientation=&#8221;right&#8221; height=&#8221;50&#8243; divider_style=&#8221;solid&#8221; keep_visible=&#8221;off&#8221; custom_radius=&#8221;on&#8221; animation=&#8221;off&#8221;] [\/mhc_divider][mhc_image admin_label=&#8221;\u0635\u0648\u0631\u0629&#8221; src=&#8221;https:\/\/zemzem.site\/wp-content\/uploads\/2023\/09\/contact-03.png&#8221; show_in_lightbox=&#8221;off&#8221; url_new_window=&#8221;off&#8221; sticky=&#8221;off&#8221; image_mask=&#8221;off&#8221; border_radius=&#8221;0&#8243; align=&#8221;right&#8221; force_center_on_mobile=&#8221;on&#8221; animation=&#8221;off&#8221; hoverfx=&#8221;none&#8221;] [\/mhc_image][mhc_contact_form admin_label=&#8221;\u0646\u0645\u0648\u0630\u062c \u062a\u0648\u0627\u0635\u0644&#8221; captcha=&#8221;on&#8221; email=&#8221;info@zemzem.site&#8221; title=&#8221;\u062a\u0648\u0627\u0635\u0644 \u0645\u0639\u0646\u0627&#8221; blurb=&#8221;\u0627\u062a\u0631\u0643 \u0631\u0633\u0627\u0644\u0629 \u0627\u0644\u0646\u0635\u064a\u0629 \u0648\u0633\u064a\u062a\u0645 \u0627\u0644\u0631\u062f \u0639\u0644\u064a\u0647\u0627 \u0628\u0623\u0633\u0631\u0639 \u0648\u0642\u062a \u0645\u0645\u0643\u0646&#8221; button_text=&#8221;\u0623\u0631\u0633\u0644&#8221; message=&#8221;\u0634\u0643\u0631\u0627 \u0644\u0643\u0645 \u0646\u0639\u062f\u0643\u0645 \u0623\u0646 \u064a\u062a\u0645 \u0627\u0644\u0631\u062f \u0639\u0644\u064a\u0647\u0627 \u0628\u0623\u0633\u0631\u0639 \u0648\u0642\u062a \u0645\u0645\u0643\u0646&#8221; background_layout=&#8221;light&#8221; form_style=&#8221;off&#8221; button_style=&#8221;transparent&#8221; use_redirect=&#8221;off&#8221; module_id=&#8221;contact&#8221;] [mhc_contact_field field_title=&#8221;\u0628\u0631\u064a\u062f\u0643 \u0627\u0644\u0625\u0644\u0643\u062a\u0631\u0648\u0646\u064a&#8221; field_type=&#8221;email&#8221; field_id=&#8221;Email&#8221; required_mark=&#8221;on&#8221; fullwidth_field=&#8221;off&#8221;] [\/mhc_contact_field][mhc_contact_field field_title=&#8221;\u0631\u0642\u0645 \u0627\u0644\u0647\u0627\u062a\u0641&#8221; field_id=&#8221;phone&#8221; field_type=&#8221;input&#8221; required_mark=&#8221;on&#8221; fullwidth_field=&#8221;off&#8221; \/][mhc_contact_field field_title=&#8221;\u0631\u0633\u0627\u0644\u062a\u0643&#8221; field_type=&#8221;text&#8221; field_id=&#8221;Message&#8221; required_mark=&#8221;on&#8221;] [\/mhc_contact_field] [\/mhc_contact_form][\/mhc_column][\/mhc_row][\/mhc_section][mhc_section admin_label=&#8221;\u0642\u0633\u0645&#8221; fullwidth=&#8221;off&#8221; specialty=&#8221;off&#8221; transparent_background=&#8221;off&#8221; gradient_background=&#8221;off&#8221; background_color=&#8221;#f4f4f4&#8243; gradient_style=&#8221;horizontal&#8221; inner_shadow=&#8221;off&#8221; parallax=&#8221;off&#8221; parallax_method=&#8221;off&#8221; video_hide=&#8221;off&#8221; video_pause=&#8221;off&#8221; allow_advanced_padding=&#8221;off&#8221; remove_padding=&#8221;off&#8221; force_fullwidth=&#8221;off&#8221; column_paddings=&#8221;padding-0pct&#8221; column_match_heights=&#8221;off&#8221; background_leak=&#8221;off&#8221; background_leak_color=&#8221;#ffffff&#8221; background_leak_size=&#8221;50&#8243; separator_top=&#8221;off&#8221; separator_bottom=&#8221;off&#8221; background_image_size=&#8221;cover&#8221; background_image_repeat=&#8221;no-repeat&#8221; background_image_position_x=&#8221;center&#8221; background_image_position_y=&#8221;center&#8221; animation=&#8221;off&#8221; animation_color=&#8221;#ffffff&#8221; mobile_2_pr_row=&#8221;off&#8221; mobile_reverse=&#8221;off&#8221;][mhc_row admin_label=&#8221;\u0635\u0641&#8221;][mhc_column type=&#8221;1_2&#8243;][mhc_image admin_label=&#8221;\u0635\u0648\u0631\u0629&#8221; src=&#8221;https:\/\/zemzem.site\/wp-content\/uploads\/2023\/09\/zemzem.png&#8221; show_in_lightbox=&#8221;off&#8221; url_new_window=&#8221;off&#8221; sticky=&#8221;off&#8221; image_mask=&#8221;off&#8221; border_radius=&#8221;0&#8243; align=&#8221;right&#8221; force_center_on_mobile=&#8221;on&#8221; animation=&#8221;off&#8221; hoverfx=&#8221;none&#8221; module_id=&#8221;#contact&#8221;] [\/mhc_image][\/mhc_column][mhc_column type=&#8221;1_2&#8243;][mhc_divider admin_label=&#8221;\u0641\u0627\u0635\u0644&#8221; show_divider=&#8221;off&#8221; color=&#8221;#4FD4FF&#8221; borderw=&#8221;1&#8243; custom_orientation=&#8221;right&#8221; height=&#8221;50&#8243; divider_style=&#8221;solid&#8221; keep_visible=&#8221;off&#8221; custom_radius=&#8221;on&#8221; animation=&#8221;off&#8221;] [\/mhc_divider][mhc_social_media_follow admin_label=&#8221;\u0623\u064a\u0642\u0648\u0646\u0627\u062a \u0627\u0644\u062a\u0648\u0627\u0635\u0644&#8221; link_shape=&#8221;rounded_rectangle&#8221; icons_size=&#8221;xlarge&#8221; background_layout=&#8221;light&#8221; icons_alignment=&#8221;center&#8221; url_new_window=&#8221;off&#8221; animation=&#8221;off&#8221;] [mhc_social_media_follow_network social_network=&#8221;whatsapp&#8221; url=&#8221;https:\/\/api.whatsapp.com\/send\/?phone=905388588999&#8243; skype_action=&#8221;call&#8221; bg_color=&#8221;#25d366&#8243; follow_button=&#8221;on&#8221; follow_text=&#8221;05388588999&#8243;] WhatsApp [\/mhc_social_media_follow_network][mhc_social_media_follow_network social_network=&#8221;drive&#8221; url=&#8221;zemzem13579@gmail.com&#8221; skype_action=&#8221;call&#8221; bg_color=&#8221;#4285f4&#8243; follow_button=&#8221;on&#8221; follow_text=&#8221;zemzem13579@gmail.com&#8221;] Google Drive [\/mhc_social_media_follow_network] [\/mhc_social_media_follow][\/mhc_column][\/mhc_row][\/mhc_section]\n","protected":false},"excerpt":{"rendered":"<p>[mhc_section admin_label=&#8221;\u0642\u0633\u0645&#8221; fullwidth=&#8221;on&#8221; specialty=&#8221;off&#8221; transparent_background=&#8221;off&#8221; gradient_background=&#8221;off&#8221; background_color=&#8221;#ffffff&#8221; gradient_style=&#8221;horizontal&#8221; inner_shadow=&#8221;off&#8221; parallax=&#8221;off&#8221; parallax_method=&#8221;off&#8221; video_hide=&#8221;off&#8221; video_pause=&#8221;off&#8221; allow_advanced_padding=&#8221;off&#8221; remove_padding=&#8221;off&#8221; force_fullwidth=&#8221;off&#8221; column_paddings=&#8221;padding-0pct&#8221; column_match_heights=&#8221;off&#8221; background_leak=&#8221;off&#8221; background_leak_color=&#8221;#ffffff&#8221; background_leak_size=&#8221;50&#8243; separator_top=&#8221;off&#8221; separator_bottom=&#8221;off&#8221; background_image_size=&#8221;cover&#8221; background_image_repeat=&#8221;no-repeat&#8221; background_image_position_x=&#8221;center&#8221; background_image_position_y=&#8221;center&#8221; animation=&#8221;off&#8221; animation_color=&#8221;#ffffff&#8221; mobile_2_pr_row=&#8221;off&#8221; mobile_reverse=&#8221;off&#8221; module_id=&#8221;main&#8221;][mhc_fullwidth_texton admin_label=&#8221;\u0645\u0644\u0635\u0642 \u0628\u0639\u0631\u0636 \u0643\u0627\u0645\u0644&#8221; src=&#8221;https:\/\/zemzem.site\/wp-content\/uploads\/2023\/09\/\u06332.png&#8221; text_placement=&#8221;middle&#8221; text_size=&#8221;xl&#8221; text_color=&#8221;#ffffff&#8221; url_new_window=&#8221;off&#8221; background_color=&#8221;#000000&#8243; text_shadow=&#8221;on&#8221; use_button=&#8221;off&#8221; button_style=&#8221;off&#8221; button_color=&#8221;#4FD4FF&#8221; button_text_color=&#8221;#ffffff&#8221; wide_button=&#8221;off&#8221; sticky=&#8221;off&#8221; animation=&#8221;blur_fwd&#8221; hoverfx=&#8221;reverse&#8221; heading=&#8221;\u0634\u0631\u0643\u0629 \u0632\u0645\u0632\u0645&#8221; sub_heading=&#8221;\u062a\u0623\u0633\u0633\u062a \u0634\u0631\u0643\u0629 \u0632\u0645\u0632\u0645 [&hellip;]<\/p>\n","protected":false},"author":1,"featured_media":0,"parent":0,"menu_order":0,"comment_status":"closed","ping_status":"open","template":"","meta":{"footnotes":""},"class_list":["post-2","page","type-page","status-publish","hentry"],"_links":{"self":[{"href":"https:\/\/zemzem.site\/index.php?rest_route=\/wp\/v2\/pages\/2","targetHints":{"allow":["GET"]}}],"collection":[{"href":"https:\/\/zemzem.site\/index.php?rest_route=\/wp\/v2\/pages"}],"about":[{"href":"https:\/\/zemzem.site\/index.php?rest_route=\/wp\/v2\/types\/page"}],"author":[{"embeddable":true,"href":"https:\/\/zemzem.site\/index.php?rest_route=\/wp\/v2\/users\/1"}],"replies":[{"embeddable":true,"href":"https:\/\/zemzem.site\/index.php?rest_route=%2Fwp%2Fv2%2Fcomments&post=2"}],"version-history":[{"count":52,"href":"https:\/\/zemzem.site\/index.php?rest_route=\/wp\/v2\/pages\/2\/revisions"}],"predecessor-version":[{"id":80,"href":"https:\/\/zemzem.site\/index.php?rest_route=\/wp\/v2\/pages\/2\/revisions\/80"}],"wp:attachment":[{"href":"https:\/\/zemzem.site\/index.php?rest_route=%2Fwp%2Fv2%2Fmedia&parent=2"}],"curies":[{"name":"wp","href":"https:\/\/api.w.org\/{rel}","templated":true}]}}